{"id":348,"date":"2021-03-26T22:24:31","date_gmt":"2021-03-26T21:24:31","guid":{"rendered":"https:\/\/www.softpol.net\/?page_id=348"},"modified":"2021-04-21T10:36:51","modified_gmt":"2021-04-21T08:36:51","slug":"zwevezelestraat","status":"publish","type":"page","link":"https:\/\/www.softpol.net\/kvg\/zwevezelestraat\/","title":{"rendered":"Zwevezelestraat"},"content":{"rendered":"\n<div class=\"wp-block-media-text alignwide is-stacked-on-mobile\"><figure class=\"wp-block-media-text__media\"><img loading=\"lazy\" decoding=\"async\" width=\"326\" height=\"434\" src=\"https:\/\/www.softpol.net\/kvg\/wp-content\/uploads\/sites\/2\/2021\/03\/Zwevezelestraat_Caset.jpg\" alt=\"\" class=\"wp-image-327 size-full\" srcset=\"https:\/\/www.softpol.net\/kvg\/wp-content\/uploads\/sites\/2\/2021\/03\/Zwevezelestraat_Caset.jpg 326w, https:\/\/www.softpol.net\/kvg\/wp-content\/uploads\/sites\/2\/2021\/03\/Zwevezelestraat_Caset-225x300.jpg 225w\" sizes=\"auto, (max-width: 326px) 100vw, 326px\" \/><\/figure><div class=\"wp-block-media-text__content\">\n<p><strong>Casets kapel<\/strong><\/p>\n\n\n\n<p>Deze grote, hoge kapel draagt het wapenschild van de familie de Thibault de Boesinghe en het jaartal&nbsp;1879.&nbsp; Waarom werd ze gebouwd? Dat heb ik niet achterhaald.&nbsp; De huidige bewoners en ook de eigenaars weten het niet meer[1].&nbsp; Het woonhuis droeg het jaartal 1829 (het is inmiddels gesloopt en vervangen door een meer functionele nieuwbouw).&nbsp; Werd 50 jaar later, misschien op de grondvesten van een vorige kapel, deze bidplaats gebouwd? Stond ze weleer aan de samenkomst van twee dreven nl. \u00e9\u00e9n die recht van Lichtervelde en \u00e9\u00e9n die recht van Koolskamp dorp naar het oude kasteel leidde? Het heeft er de schijn van.&nbsp;Vroeger stonden er alvast linden rond.<\/p>\n\n\n\n<p>Na enkele instandhoudingswerken op initiatief van medepastoor Wilfried Jonckheere kon de Heemkundige Kring in 1991 de &#8216;Kasteelkapel&#8217; aankopen.&nbsp; In 1992-1993 volgde dan een grondige renovatie, voor 2\/3 gefinancierd door de Koning Boudewijnstichting, in het kader van de toen lopende campagne &#8220;Monumenten, wij zorgen ervoor&#8221; en voor 1\/3 door giften. De gerenoveerde kapel werd opnieuw ingewijd door E.H.  Jonckheere op 1 mei 1994.&nbsp; Sedertdien wordt ze door de bestuursleden van de Heemkundige Kring onderhouden en jaarlijks tegen eind april schoongemaakt.<\/p>\n\n\n\n<p>[1] Eigenaardig detail: de 22ste januari 1978 kreeg ik een brief van de eigenares Simonne Goethals waarbij ze liet weten, dat de kapel zeker afkomstig was van haar grootvader D\u00e9sir\u00e9 de Thibault de Boesinghe die stierf in 1911, doch dat ze over geen andere gegevens beschikte.&nbsp; In de krant stond een week later haar overlijdensbericht (geboren 6 maart 1907, overleden 30 januari 1978).<\/p>\n\n\n\n<p>De illustraties hieronder werden getekend door Danny Herteleer (1993).<\/p>\n<\/div><\/div>\n\n\n\n<div class=\"wp-block-columns is-layout-flex wp-container-core-columns-is-layout-9d6595d7 wp-block-columns-is-layout-flex\">\n<div class=\"wp-block-column is-vertically-aligned-center is-layout-flow wp-block-column-is-layout-flow\">\n<figure class=\"wp-block-image size-large\"><img loading=\"lazy\" decoding=\"async\" width=\"426\" height=\"285\" src=\"https:\/\/www.softpol.net\/kvg\/wp-content\/uploads\/sites\/2\/2021\/03\/k_oud_zwevezelestraat_casets_kapel_1993.jpg\" alt=\"\" class=\"wp-image-353\" srcset=\"https:\/\/www.softpol.net\/kvg\/wp-content\/uploads\/sites\/2\/2021\/03\/k_oud_zwevezelestraat_casets_kapel_1993.jpg 426w, https:\/\/www.softpol.net\/kvg\/wp-content\/uploads\/sites\/2\/2021\/03\/k_oud_zwevezelestraat_casets_kapel_1993-300x201.jpg 300w\" sizes=\"auto, (max-width: 426px) 100vw, 426px\" \/><\/figure>\n<\/div>\n\n\n\n<div class=\"wp-block-column is-layout-flow wp-block-column-is-layout-flow\">\n<figure class=\"wp-block-image size-large is-resized\"><img loading=\"lazy\" decoding=\"async\" src=\"https:\/\/www.softpol.net\/kvg\/wp-content\/uploads\/sites\/2\/2021\/03\/k_oud_zwevezelestraat_casets_kapel_timpaan.jpg\" alt=\"\" class=\"wp-image-354\" width=\"314\" height=\"294\"\/><\/figure>\n<\/div>\n<\/div>\n\n\n\n<div class=\"wp-block-media-text alignwide is-stacked-on-mobile\"><figure class=\"wp-block-media-text__media\"><img loading=\"lazy\" decoding=\"async\" width=\"388\" height=\"457\" src=\"https:\/\/www.softpol.net\/kvg\/wp-content\/uploads\/sites\/2\/2021\/03\/Zwevezelestraat-persartikel.jpg\" alt=\"\" class=\"wp-image-359 size-full\" srcset=\"https:\/\/www.softpol.net\/kvg\/wp-content\/uploads\/sites\/2\/2021\/03\/Zwevezelestraat-persartikel.jpg 388w, https:\/\/www.softpol.net\/kvg\/wp-content\/uploads\/sites\/2\/2021\/03\/Zwevezelestraat-persartikel-255x300.jpg 255w\" sizes=\"auto, (max-width: 388px) 100vw, 388px\" \/><\/figure><div class=\"wp-block-media-text__content\">\n<p>Er is  een merkwaardig verhaal aan deze kapel verbonden. In 1901 werkten drie mensen op een nabije akker van de hoeve Demarr\u00e9 (nu Caset) aan de oogst. Het waren: Elodie Lombaert, Edward Baert en August Dedeyne. Er brak een zwaar onweer los, en de drie vluchtten in de kapel. Het onweer trok af, bliksemen en donderen verminderde, Op zeker ogenblik zei August Dedeyne: \u201cIk ga eens kijken of de vlaag al voorbij is\u201d. Hij trok de deur van de kapel open, en precies dan sloeg de bliksem in. Er verscheen een vuurbol die her en der, op en af het ijzeren traliehek bewoog. Dat duurde wel twintig minuten voor de bol verdween. De drie mensen waren ontzet van angst. Edward Baert hield zijn (stoffen) scapulier vast in de hand en bad. Elodie Lombaert vroeg hem de helft van zijn scapulier. Hij scheurde het in twee en gaf het haar. August Dedeyne was waarschijnlijk ogenblikkelijk doodgebliksemd. Op een boerenkar, met stro belegd, werd hij naar zijn huis gevoerd.<\/p>\n\n\n\n<p>Elodie Lombaert verkeerde in shocktoestand en is later nooit meer gezond geweest. Ze is na twee &#8211; drie jaar gestorven, \u201cuitgeleefd\u201d zegden de mensen. Edward Baert hield er een pijnlijke rug aan over, daar hij tegen het hek gezeten had. Hij werd \u00e9\u00e9n jaar door de dokter behandeld en genas. Aan de kapel mankeerde niets, tenzij dat het hek helemaal verwrongen was.<br>Tot zover het oude verhaal.<\/p>\n<\/div><\/div>\n\n\n\n<p><strong>Vermotes kapel<\/strong><\/p>\n\n\n\n<p>Wanneer dit kapelletje gebouwd werd en waarom is niet te achterhalen.&nbsp; Het stond langs de \u201cvorige\u201d dreef naar de hofstede Vermote nr. 97.&nbsp; Destijds was de familie Beernaert, die zelf op de hoeve Hanne-Deurinck, langs de Koolskampstraat aan de Pelikaan woonde, de eigenaar van het kapelletje en Bruno Declercq huurder en bewoner van de hoeve.&nbsp; Daar de Beernaerts zeer christelijk waren, is het mogelijk dat zij de bouwers van het kapelletje waren.<\/p>\n\n\n\n<p>In alle geval, de familie Declercq heeft het steeds goed onderhouden.&nbsp;Het was wit geschilderd, en stond over de gracht, op een zogeheten \u201cduiker\u201d.&nbsp; Het was betrekkelijk klein: er konden slechts vier personen in plaats nemen.<\/p>\n\n\n\n<p>Tijdens de eerste wereldoorlog stierven de laatste Beernaerts zonder rechtstreekse nakomelingen.&nbsp;Tijdens de doorbraak in 1918 werden \u00e9n hoeve \u00e9n kapelletje geraakt door obussen.&nbsp; Het is achteraf niet meer heropgebouwd, nadat de familie Vermote de hoeve gekocht had.<\/p>\n","protected":false},"excerpt":{"rendered":"<p>Casets kapel Deze grote, hoge kapel draagt het wapenschild van de familie de Thibault de Boesinghe en het jaartal&nbsp;1879.&nbsp; Waarom werd ze gebouwd? Dat heb ik niet achterhaald.&nbsp; De huidige bewoners en ook de eigenaars weten het niet meer[1].&nbsp; Het woonhuis droeg het jaartal 1829 (het is inmiddels gesloopt en vervangen door een meer functionele [&hellip;]<\/p>\n","protected":false},"author":1,"featured_media":0,"parent":0,"menu_order":0,"comment_status":"closed","ping_status":"closed","template":"","meta":{"_seopress_robots_primary_cat":"","_seopress_titles_title":"","_seopress_titles_desc":"","_seopress_robots_index":"","ocean_post_layout":"","ocean_both_sidebars_style":"","ocean_both_sidebars_content_width":0,"ocean_both_sidebars_sidebars_width":0,"ocean_sidebar":"","ocean_second_sidebar":"","ocean_disable_margins":"enable","ocean_add_body_class":"","ocean_shortcode_before_top_bar":"","ocean_shortcode_after_top_bar":"","ocean_shortcode_before_header":"","ocean_shortcode_after_header":"","ocean_has_shortcode":"","ocean_shortcode_after_title":"","ocean_shortcode_before_footer_widgets":"","ocean_shortcode_after_footer_widgets":"","ocean_shortcode_before_footer_bottom":"","ocean_shortcode_after_footer_bottom":"","ocean_display_top_bar":"default","ocean_display_header":"default","ocean_header_style":"","ocean_center_header_left_menu":"","ocean_custom_header_template":"","ocean_custom_logo":0,"ocean_custom_retina_logo":0,"ocean_custom_logo_max_width":0,"ocean_custom_logo_tablet_max_width":0,"ocean_custom_logo_mobile_max_width":0,"ocean_custom_logo_max_height":0,"ocean_custom_logo_tablet_max_height":0,"ocean_custom_logo_mobile_max_height":0,"ocean_header_custom_menu":"","ocean_menu_typo_font_family":"","ocean_menu_typo_font_subset":"","ocean_menu_typo_font_size":0,"ocean_menu_typo_font_size_tablet":0,"ocean_menu_typo_font_size_mobile":0,"ocean_menu_typo_font_size_unit":"px","ocean_menu_typo_font_weight":"","ocean_menu_typo_font_weight_tablet":"","ocean_menu_typo_font_weight_mobile":"","ocean_menu_typo_transform":"","ocean_menu_typo_transform_tablet":"","ocean_menu_typo_transform_mobile":"","ocean_menu_typo_line_height":0,"ocean_menu_typo_line_height_tablet":0,"ocean_menu_typo_line_height_mobile":0,"ocean_menu_typo_line_height_unit":"","ocean_menu_typo_spacing":0,"ocean_menu_typo_spacing_tablet":0,"ocean_menu_typo_spacing_mobile":0,"ocean_menu_typo_spacing_unit":"","ocean_menu_link_color":"","ocean_menu_link_color_hover":"","ocean_menu_link_color_active":"","ocean_menu_link_background":"","ocean_menu_link_hover_background":"","ocean_menu_link_active_background":"","ocean_menu_social_links_bg":"","ocean_menu_social_hover_links_bg":"","ocean_menu_social_links_color":"","ocean_menu_social_hover_links_color":"","ocean_disable_title":"default","ocean_disable_heading":"default","ocean_post_title":"","ocean_post_subheading":"","ocean_post_title_style":"","ocean_post_title_background_color":"","ocean_post_title_background":0,"ocean_post_title_bg_image_position":"","ocean_post_title_bg_image_attachment":"","ocean_post_title_bg_image_repeat":"","ocean_post_title_bg_image_size":"","ocean_post_title_height":0,"ocean_post_title_bg_overlay":0.5,"ocean_post_title_bg_overlay_color":"","ocean_disable_breadcrumbs":"default","ocean_breadcrumbs_color":"","ocean_breadcrumbs_separator_color":"","ocean_breadcrumbs_links_color":"","ocean_breadcrumbs_links_hover_color":"","ocean_display_footer_widgets":"default","ocean_display_footer_bottom":"default","ocean_custom_footer_template":"","footnotes":""},"class_list":["post-348","page","type-page","status-publish","hentry","entry"],"_links":{"self":[{"href":"https:\/\/www.softpol.net\/kvg\/wp-json\/wp\/v2\/pages\/348","targetHints":{"allow":["GET"]}}],"collection":[{"href":"https:\/\/www.softpol.net\/kvg\/wp-json\/wp\/v2\/pages"}],"about":[{"href":"https:\/\/www.softpol.net\/kvg\/wp-json\/wp\/v2\/types\/page"}],"author":[{"embeddable":true,"href":"https:\/\/www.softpol.net\/kvg\/wp-json\/wp\/v2\/users\/1"}],"replies":[{"embeddable":true,"href":"https:\/\/www.softpol.net\/kvg\/wp-json\/wp\/v2\/comments?post=348"}],"version-history":[{"count":0,"href":"https:\/\/www.softpol.net\/kvg\/wp-json\/wp\/v2\/pages\/348\/revisions"}],"wp:attachment":[{"href":"https:\/\/www.softpol.net\/kvg\/wp-json\/wp\/v2\/media?parent=348"}],"curies":[{"name":"wp","href":"https:\/\/api.w.org\/{rel}","templated":true}]}}