{"id":1352,"date":"2021-11-05T16:29:33","date_gmt":"2021-11-05T15:29:33","guid":{"rendered":"https:\/\/www.softpol.net\/kvg\/?page_id=1352"},"modified":"2021-11-05T16:32:38","modified_gmt":"2021-11-05T15:32:38","slug":"xi","status":"publish","type":"page","link":"https:\/\/www.softpol.net\/kvg\/xi\/","title":{"rendered":"Hoofdstuk XI"},"content":{"rendered":"\n<p>Naast ons woonde Ren\u00e9 D\u2019Hulster<a href=\"#_ftn1\">[1]<\/a>.<\/p>\n\n\n\n<p>Hij was een grappige oude man, die geen vlieg kwaad zou doen.&nbsp; Nadat hij het miljonair gebracht had, bouwde vader voor zijn rekening een huis, naast het onze.&nbsp; Daar bracht hij zijn oude dag door.&nbsp; Hij was even nuchter en eenvoudig gebleven, als toen hij seizoenarbeider was of naar Amerika trok.<\/p>\n\n\n\n<p>Wanneer vader \u2019s morgens opstond, nam hij een pruimpje tabak, zoiets van een vingerhoed groot.&nbsp; Daarna ging hij naar beneden, stak zijn lippen even aan zijn jeneverfles, \u00e9\u00e9n slokje maar (moeder beweerde dat die fles niet waterdicht was).&nbsp; Tenslotte ging hij in de tuin een kijkje nemen.&nbsp; Daar vond hij elke morgen, onveranderlijk de goeie gebuur Ren\u00e9 reeds aan het werk in het naburige tuintje.&nbsp; Er werd een grapje verteld.<\/p>\n\n\n\n<p>Ren\u00e9 hield duiven.&nbsp; Reeds een paar jaar.&nbsp; En van allerlei soort.&nbsp; Toch was het zijn bedoeling jongen te kweken en te eten.&nbsp; Dat hok stond altijd open.&nbsp; Rond die tijd had hij ook een kat, met een mooie staart.&nbsp; Vaak zagen we die Angorastaart uit de duivenpan hangen.&nbsp; Dan was de bijbehorende kat bezig langs binnen het gedoe der duiven gade te slaan.&nbsp; Nu waren die duiven niet ze erg bang voor die kat en ook van haar kant scheen ze geen kwade bedoelingen te hebben.&nbsp; Ren\u00e9 liet dat zomaar gebeuren.&nbsp; Want behalve kat en duiven bezat hij ook nog allerlei vogels, witte muizen, een papegaai, een hond, kippen die om de haverklap uitbraken, konijnen en een muskusrat.&nbsp; Alles was welkom.&nbsp; Dat leefde allemaal zo een beetje op goed valle het uit door elkaar, in aaneengeflanste hokken.<\/p>\n\n\n\n<p>Het scheen op het duivenhok niet te boteren.&nbsp; Ten einde raad deed Ren\u00e9 zijn beklag tegen vader: \u201cDat is nu al de derde zomer dat ik duiven houd en ik heb nog nooit een koppel jongen kunnen eten.&nbsp; Ik zal ze maar verkopen.&nbsp; Ik weet niet wat er aan scheelt\u201d.<\/p>\n\n\n\n<p>Vader ging mee kijken.&nbsp; Wat hij er vond, grensde aan het ongelofelijke.&nbsp; Ren\u00e9 had voorheen winkel gehouden.&nbsp; Hij had oude bakken en dozen aan elkaar getimmerd en er teilen in geplaatst.&nbsp; Die bakken en dozen waren te klein van formaat, te talrijk en te dichtbij geplaatst.&nbsp; Het groot aantal duiven deed de rest: geen enkel koppel kon zich een rustig hoekje veroveren om er te broeden.&nbsp; Resultaat: gebroken eieren, een paar jongen die lagen te schreeuwen en gekwetst waren geraakt bij de vele vechtpartijen.<\/p>\n\n\n\n<p>Nu, vader verstrekte goede raad en Ren\u00e9 begon met een deel duiven op te ruimen en een kleiner aantal behoorlijke bakken te maken.&nbsp; Dat hielp wel en er kwam rust en behoorlijke kweek.&nbsp; Op \u00e9\u00e9n punt bleef Ren\u00e9 echter even slordig: \u2019s avonds werd de duivenpan nooit dichtgezet.<\/p>\n\n\n\n<p>De volgende winter was lang en zeer streng.&nbsp; Ren\u00e9s duiven vlogen elke dag van bij de ochtendschemering, en daar de roofvolgels zeer talrijk optraden, bleef er nu en dan een duif ten achter.&nbsp; Het kwam zover dat er maar twee doffers meer overbleven, grote, mooie blauwe duiven, die ergens van een goeie liefhebber uit het Tieltse afkomstig waren.&nbsp; Maar in de vroege lente moesten ook zij eraan geloven.&nbsp; Als de meimaand opnieuw zijn mildheid over de wereld lei, was Ren\u00e9 uitgespannen.&nbsp; Het hokje was leeg en diende alleen nog voor de kat-met-de-dikke-staart als speelterrein.&nbsp; Ren\u00e9 heeft dan maar een grote muit gemaakt en een paar koppels tortels er ingehouden.<\/p>\n\n\n\n<p>Vader schudde zijn hoofd als hij op die historie terugkwam en zei: \u201cEr zijn mensen die heel hun leven niet begrijpen wat een dier is.&nbsp; Ze zien de dieren als printjes die kunnen wikkelen \u2026 en nochtans, ieder dier is een levenskern, zelfstandig en scherp onderscheiden van alle soortgenoten.&nbsp; De natuurwetten, waaraan het gehoorzaamt zijn onwrikbaar en veel wonderlijker dan je zou vermoeden.&nbsp; Daarom: wie niet in dagelijks contact leeft met zijn duiven, zal altijd mislukken\u201d.<\/p>\n\n\n\n<p>Maar een betere, vrolijker en hulpvaardiger gebuur dan Ren\u00e9 heeft er nooit bestaan.<\/p>\n\n\n\n<hr class=\"wp-block-separator\"\/>\n\n\n\n<p><a href=\"#_ftnref1\">[1]<\/a> &nbsp;&nbsp;&nbsp;&nbsp;&nbsp;&nbsp; Ren\u00e9 woonde aanvankelijk op de hoek van de markt, maar kocht later, zoals vader, een stuk land in de Torhoutstraat.<\/p>\n","protected":false},"excerpt":{"rendered":"<p>Naast ons woonde Ren\u00e9 D\u2019Hulster[1]. Hij was een grappige oude man, die geen vlieg kwaad zou doen.&nbsp; Nadat hij het miljonair gebracht had, bouwde vader voor zijn rekening een huis, naast het onze.&nbsp; Daar bracht hij zijn oude dag door.&nbsp; Hij was even nuchter en eenvoudig gebleven, als toen hij seizoenarbeider was of naar Amerika [&hellip;]<\/p>\n","protected":false},"author":1,"featured_media":0,"parent":0,"menu_order":0,"comment_status":"closed","ping_status":"closed","template":"","meta":{"_seopress_robots_primary_cat":"","_seopress_titles_title":"Hoofdstuk XI","_seopress_titles_desc":"","_seopress_robots_index":"","ocean_post_layout":"","ocean_both_sidebars_style":"","ocean_both_sidebars_content_width":0,"ocean_both_sidebars_sidebars_width":0,"ocean_sidebar":"","ocean_second_sidebar":"","ocean_disable_margins":"enable","ocean_add_body_class":"","ocean_shortcode_before_top_bar":"","ocean_shortcode_after_top_bar":"","ocean_shortcode_before_header":"","ocean_shortcode_after_header":"","ocean_has_shortcode":"","ocean_shortcode_after_title":"","ocean_shortcode_before_footer_widgets":"","ocean_shortcode_after_footer_widgets":"","ocean_shortcode_before_footer_bottom":"","ocean_shortcode_after_footer_bottom":"","ocean_display_top_bar":"default","ocean_display_header":"default","ocean_header_style":"","ocean_center_header_left_menu":"","ocean_custom_header_template":"","ocean_custom_logo":0,"ocean_custom_retina_logo":0,"ocean_custom_logo_max_width":0,"ocean_custom_logo_tablet_max_width":0,"ocean_custom_logo_mobile_max_width":0,"ocean_custom_logo_max_height":0,"ocean_custom_logo_tablet_max_height":0,"ocean_custom_logo_mobile_max_height":0,"ocean_header_custom_menu":"","ocean_menu_typo_font_family":"","ocean_menu_typo_font_subset":"","ocean_menu_typo_font_size":0,"ocean_menu_typo_font_size_tablet":0,"ocean_menu_typo_font_size_mobile":0,"ocean_menu_typo_font_size_unit":"px","ocean_menu_typo_font_weight":"","ocean_menu_typo_font_weight_tablet":"","ocean_menu_typo_font_weight_mobile":"","ocean_menu_typo_transform":"","ocean_menu_typo_transform_tablet":"","ocean_menu_typo_transform_mobile":"","ocean_menu_typo_line_height":0,"ocean_menu_typo_line_height_tablet":0,"ocean_menu_typo_line_height_mobile":0,"ocean_menu_typo_line_height_unit":"","ocean_menu_typo_spacing":0,"ocean_menu_typo_spacing_tablet":0,"ocean_menu_typo_spacing_mobile":0,"ocean_menu_typo_spacing_unit":"","ocean_menu_link_color":"","ocean_menu_link_color_hover":"","ocean_menu_link_color_active":"","ocean_menu_link_background":"","ocean_menu_link_hover_background":"","ocean_menu_link_active_background":"","ocean_menu_social_links_bg":"","ocean_menu_social_hover_links_bg":"","ocean_menu_social_links_color":"","ocean_menu_social_hover_links_color":"","ocean_disable_title":"default","ocean_disable_heading":"default","ocean_post_title":"","ocean_post_subheading":"","ocean_post_title_style":"","ocean_post_title_background_color":"","ocean_post_title_background":0,"ocean_post_title_bg_image_position":"","ocean_post_title_bg_image_attachment":"","ocean_post_title_bg_image_repeat":"","ocean_post_title_bg_image_size":"","ocean_post_title_height":0,"ocean_post_title_bg_overlay":0.5,"ocean_post_title_bg_overlay_color":"","ocean_disable_breadcrumbs":"default","ocean_breadcrumbs_color":"","ocean_breadcrumbs_separator_color":"","ocean_breadcrumbs_links_color":"","ocean_breadcrumbs_links_hover_color":"","ocean_display_footer_widgets":"default","ocean_display_footer_bottom":"default","ocean_custom_footer_template":"","footnotes":""},"class_list":["post-1352","page","type-page","status-publish","hentry","entry"],"_links":{"self":[{"href":"https:\/\/www.softpol.net\/kvg\/wp-json\/wp\/v2\/pages\/1352","targetHints":{"allow":["GET"]}}],"collection":[{"href":"https:\/\/www.softpol.net\/kvg\/wp-json\/wp\/v2\/pages"}],"about":[{"href":"https:\/\/www.softpol.net\/kvg\/wp-json\/wp\/v2\/types\/page"}],"author":[{"embeddable":true,"href":"https:\/\/www.softpol.net\/kvg\/wp-json\/wp\/v2\/users\/1"}],"replies":[{"embeddable":true,"href":"https:\/\/www.softpol.net\/kvg\/wp-json\/wp\/v2\/comments?post=1352"}],"version-history":[{"count":0,"href":"https:\/\/www.softpol.net\/kvg\/wp-json\/wp\/v2\/pages\/1352\/revisions"}],"wp:attachment":[{"href":"https:\/\/www.softpol.net\/kvg\/wp-json\/wp\/v2\/media?parent=1352"}],"curies":[{"name":"wp","href":"https:\/\/api.w.org\/{rel}","templated":true}]}}