{"id":1264,"date":"2021-11-05T12:59:11","date_gmt":"2021-11-05T11:59:11","guid":{"rendered":"https:\/\/www.softpol.net\/kvg\/?page_id=1264"},"modified":"2021-11-05T16:22:17","modified_gmt":"2021-11-05T15:22:17","slug":"i","status":"publish","type":"page","link":"https:\/\/www.softpol.net\/kvg\/i\/","title":{"rendered":"Hoofdstuk I"},"content":{"rendered":"\n<p>Toen we twaalf jaar waren, mijn tweelingbroer en ik, mochten we duiven houden.&nbsp; Vader deed alsof dat een zware toegeving was aan die sakkerse jongens; moeder vreesde het grove geldspel en het te groot aantal duiven.<\/p>\n\n\n\n<p>Vader was een optimist.&nbsp; Hij bekeek de hele zaak niet logisch, maar des te meer biologisch.&nbsp; Hij ging zijn koel verstand niet te rade bij de bouw van het hok.&nbsp; Zo maar, boven de kippenstokken en onder zeer vlakke cementpannen, liet hij ons timmeren.&nbsp; We beschikten over oude planken en dito nagels.&nbsp; Hij gaf enkele vage aanduidingen.&nbsp; We klopten ferm op onze duimen.&nbsp; Er was te weinig ruimte, we konden er niet eens rechtop staan.&nbsp; De zondagmorgen moesten de duiven op de vloer tot bij het ingangsdeurtje komen om geconstateerd te worden.&nbsp; Vader stond daartoe op de treden van een doodgewone ladder.<\/p>\n\n\n\n<p>Maar het w\u00e0s een duivenhok.&nbsp; We kregen een vleugellamme duivin \u201cvan goed bloed\u201d.&nbsp; Daarbij een duiver van de opkoper en \u2026 de zaak kon floreren.<\/p>\n\n\n\n<p>Wat wij als knaap niet wisten, dat waren twee zaken: vader had een zesde zintuig voor al wat dieren betrof, duiven inbegrepen..&nbsp; Hij voelde aan of een duif gelukkig was of treurde of misdaan was.&nbsp; Hij nam nooit een duif in de hand met het doel ze te keuren, doch hij bekeek haar gedrag des te meer.&nbsp; De bouw of de pluimen waren voor hem van minder belang.&nbsp; W\u00e9l de manieren telden.&nbsp; Hij kende de eigenaardigheden, de hebbelijkheden van elk van zijn duiven.&nbsp; Hij deed de duiven hun zin en hij kreeg alles van ze gedaan.&nbsp; Hij plaatste hun schotel waar ze het wilden, al was het vlak voor de ingang.&nbsp; Hij gaf ze de duivin die ze wensten.&nbsp; En hij durfde ze niet verder zenden dan Arras, omdat, naar zijn mening, de beestjes daarmee al genoeg gepest waren.&nbsp; Zo, de liefhebbers zeiden: \u201cPol Arras\u201d.&nbsp; En dat beledigde hem niet, de humor deed hem deugd, het was als een eretitel waarin zijn menselijke goedheid voor de gevleugelde gasten te schitteren lag.<\/p>\n\n\n\n<p>Een tweede zaak, die wij niet wisten, was dat vader een twintigjarige ervaring achter de rug had.&nbsp; Hij was veertig toen hij trouwde,&nbsp; en van zijn tien jaar tot zijn dertig had hij met duiven omgegaan en gespeeld.<\/p>\n\n\n\n<p>Hij kende dus het duivenspel, vanaf de tijd der lopers en der d\u00e9l\u00e9gu\u00e9s\u2026&nbsp; De wereld was veranderd met de eerste wereldoorlog, de mensen waren veranderd, de vorm der prijskampen ook, maar de duiven waren gelijk gebleven\u2026&nbsp; Het weduwschap had het nestspel nog niet verdrongen.&nbsp; Vader had in zijn jeugd zoveel ontgoochelingen, zoveel humor opgegaard, zoveel genegenheid voor de duiven en \u201cknepen van het vak\u201d, dat hij daarop vast rekende, ja, een zelfzekerheid bouwde die onverwoestbaar was.&nbsp; En hij gaf zijn sappige en waardevolle spreuken kosteloos ten beste aan ons, knapen van twaalf jaar.<\/p>\n\n\n\n<p>Hij liet ons betijen, en vragen stellen, en handelen naar goeddunken totdat er hoofdzaken aan de beurt kwamen.&nbsp; Dan volgde zijn, meestal intu\u00eftieve, beslissing: zo wel.&nbsp; Dat niet!&nbsp; En hij speelde zijn prijzen.<\/p>\n","protected":false},"excerpt":{"rendered":"<p>Toen we twaalf jaar waren, mijn tweelingbroer en ik, mochten we duiven houden.&nbsp; Vader deed alsof dat een zware toegeving was aan die sakkerse jongens; moeder vreesde het grove geldspel en het te groot aantal duiven. Vader was een optimist.&nbsp; Hij bekeek de hele zaak niet logisch, maar des te meer biologisch.&nbsp; Hij ging zijn [&hellip;]<\/p>\n","protected":false},"author":1,"featured_media":0,"parent":0,"menu_order":0,"comment_status":"closed","ping_status":"closed","template":"","meta":{"_seopress_robots_primary_cat":"","_seopress_titles_title":"Hoofdstuk 1","_seopress_titles_desc":"","_seopress_robots_index":"","ocean_post_layout":"","ocean_both_sidebars_style":"","ocean_both_sidebars_content_width":0,"ocean_both_sidebars_sidebars_width":0,"ocean_sidebar":"","ocean_second_sidebar":"","ocean_disable_margins":"enable","ocean_add_body_class":"","ocean_shortcode_before_top_bar":"","ocean_shortcode_after_top_bar":"","ocean_shortcode_before_header":"","ocean_shortcode_after_header":"","ocean_has_shortcode":"","ocean_shortcode_after_title":"","ocean_shortcode_before_footer_widgets":"","ocean_shortcode_after_footer_widgets":"","ocean_shortcode_before_footer_bottom":"","ocean_shortcode_after_footer_bottom":"","ocean_display_top_bar":"default","ocean_display_header":"default","ocean_header_style":"","ocean_center_header_left_menu":"","ocean_custom_header_template":"","ocean_custom_logo":0,"ocean_custom_retina_logo":0,"ocean_custom_logo_max_width":0,"ocean_custom_logo_tablet_max_width":0,"ocean_custom_logo_mobile_max_width":0,"ocean_custom_logo_max_height":0,"ocean_custom_logo_tablet_max_height":0,"ocean_custom_logo_mobile_max_height":0,"ocean_header_custom_menu":"","ocean_menu_typo_font_family":"","ocean_menu_typo_font_subset":"","ocean_menu_typo_font_size":0,"ocean_menu_typo_font_size_tablet":0,"ocean_menu_typo_font_size_mobile":0,"ocean_menu_typo_font_size_unit":"px","ocean_menu_typo_font_weight":"","ocean_menu_typo_font_weight_tablet":"","ocean_menu_typo_font_weight_mobile":"","ocean_menu_typo_transform":"","ocean_menu_typo_transform_tablet":"","ocean_menu_typo_transform_mobile":"","ocean_menu_typo_line_height":0,"ocean_menu_typo_line_height_tablet":0,"ocean_menu_typo_line_height_mobile":0,"ocean_menu_typo_line_height_unit":"","ocean_menu_typo_spacing":0,"ocean_menu_typo_spacing_tablet":0,"ocean_menu_typo_spacing_mobile":0,"ocean_menu_typo_spacing_unit":"","ocean_menu_link_color":"","ocean_menu_link_color_hover":"","ocean_menu_link_color_active":"","ocean_menu_link_background":"","ocean_menu_link_hover_background":"","ocean_menu_link_active_background":"","ocean_menu_social_links_bg":"","ocean_menu_social_hover_links_bg":"","ocean_menu_social_links_color":"","ocean_menu_social_hover_links_color":"","ocean_disable_title":"default","ocean_disable_heading":"default","ocean_post_title":"","ocean_post_subheading":"","ocean_post_title_style":"","ocean_post_title_background_color":"","ocean_post_title_background":0,"ocean_post_title_bg_image_position":"","ocean_post_title_bg_image_attachment":"","ocean_post_title_bg_image_repeat":"","ocean_post_title_bg_image_size":"","ocean_post_title_height":0,"ocean_post_title_bg_overlay":0.5,"ocean_post_title_bg_overlay_color":"","ocean_disable_breadcrumbs":"default","ocean_breadcrumbs_color":"","ocean_breadcrumbs_separator_color":"","ocean_breadcrumbs_links_color":"","ocean_breadcrumbs_links_hover_color":"","ocean_display_footer_widgets":"default","ocean_display_footer_bottom":"default","ocean_custom_footer_template":"","footnotes":""},"class_list":["post-1264","page","type-page","status-publish","hentry","entry"],"_links":{"self":[{"href":"https:\/\/www.softpol.net\/kvg\/wp-json\/wp\/v2\/pages\/1264","targetHints":{"allow":["GET"]}}],"collection":[{"href":"https:\/\/www.softpol.net\/kvg\/wp-json\/wp\/v2\/pages"}],"about":[{"href":"https:\/\/www.softpol.net\/kvg\/wp-json\/wp\/v2\/types\/page"}],"author":[{"embeddable":true,"href":"https:\/\/www.softpol.net\/kvg\/wp-json\/wp\/v2\/users\/1"}],"replies":[{"embeddable":true,"href":"https:\/\/www.softpol.net\/kvg\/wp-json\/wp\/v2\/comments?post=1264"}],"version-history":[{"count":0,"href":"https:\/\/www.softpol.net\/kvg\/wp-json\/wp\/v2\/pages\/1264\/revisions"}],"wp:attachment":[{"href":"https:\/\/www.softpol.net\/kvg\/wp-json\/wp\/v2\/media?parent=1264"}],"curies":[{"name":"wp","href":"https:\/\/api.w.org\/{rel}","templated":true}]}}